{"id":25,"date":"2025-10-03T18:43:15","date_gmt":"2025-10-03T18:43:15","guid":{"rendered":"http:\/\/cruvwidget.local\/?page_id=25"},"modified":"2026-01-16T04:26:24","modified_gmt":"2026-01-16T03:26:24","slug":"team","status":"publish","type":"page","link":"https:\/\/socialfox.es\/en\/team\/","title":{"rendered":"Team"},"content":{"rendered":"<div data-elementor-type=\"wp-page\" data-elementor-id=\"25\" class=\"elementor elementor-25\" data-elementor-post-type=\"page\">\n\t\t\t\t<div class=\"elementor-element elementor-element-73dacff e-con-full e-flex e-con e-parent\" data-id=\"73dacff\" data-element_type=\"container\" data-e-type=\"container\">\n\t\t\t\t<div class=\"elementor-element elementor-element-9d34711 elementor-widget elementor-widget-cruv-team-widget-widget\" data-id=\"9d34711\" data-element_type=\"widget\" data-e-type=\"widget\" data-widget_type=\"cruv-team-widget-widget.default\">\n\t\t\t\t<div class=\"elementor-widget-container\">\n\t\t\t\t\t\n            <section class=\"our-team section-space\">\n                <div class=\"container\">\n                    <div class=\"section-2-title-wrapper wow fade-in-bottom\" data-wow-delay=\"600ms\">\n                        <div class=\"section-2__top\">\n                                                            <h6 class=\"left-sub-title\">Our Team Members<\/h6>\n                                                                                        <h6 class=\"right-sub-title\">Working Worldwide<\/h6>\n                                                    <\/div>\n                        <div class=\"section-2__bottom\">\n                            <h3 class=\"title\">Our talented team of experts is dedicated to delivering the best results with skill, creativity, and professionalism.\n<\/h3>\n                                                            <a href=\"https:\/\/cruv.themewolfs.com\/team\/\" class=\"btn-primary\">View All Members<\/a>\n                                                    <\/div>\n                    <\/div>\n\n                    <div class=\"row gutter-30 mb-minus-30 section-space-top\">\n                                                    <div class=\"col-lg-6 col-xl-4\">\n                                <div class=\"our-team__item\">\n                                    <div class=\"media\">\n                                        <img decoding=\"async\" src=\"https:\/\/cruv.themewolfs.com\/wp-content\/uploads\/2025\/11\/member-1.jpg\" alt=\"image\">\n                                    <\/div>\n                                    <div class=\"content\">\n                                        <p>Design Director &amp; CEO<\/p>\n                                        <h5 class=\"title\">\n                                           Adrian <br>  Miles                                        <\/h5>\n                                        <ul class=\"socail\">\n                                                                                            <li><a href=\"#\">Facebook<\/a><\/li>\n                                                                                                                                        <li><a href=\"#\">Linkedin<\/a><\/li>\n                                                                                                                                        <li><a href=\"#\">Instagram<\/a><\/li>\n                                                                                                                                        <li><a href=\"#\">Dribbble<\/a><\/li>\n                                                                                    <\/ul>\n                                    <\/div>\n                                <\/div>\n                            <\/div>\n                                                    <div class=\"col-lg-6 col-xl-4\">\n                                <div class=\"our-team__item\">\n                                    <div class=\"media\">\n                                        <img decoding=\"async\" src=\"https:\/\/cruv.themewolfs.com\/wp-content\/uploads\/2025\/11\/member-3.jpg\" alt=\"image\">\n                                    <\/div>\n                                    <div class=\"content\">\n                                        <p>Senior Visual Designer<\/p>\n                                        <h5 class=\"title\">\n                                           Ataul <br>Mostofa                                        <\/h5>\n                                        <ul class=\"socail\">\n                                                                                            <li><a href=\"#\">Facebook<\/a><\/li>\n                                                                                                                                        <li><a href=\"#\">Linkedin<\/a><\/li>\n                                                                                                                                        <li><a href=\"#\">Instagram<\/a><\/li>\n                                                                                                                                        <li><a href=\"#\">Dribbble<\/a><\/li>\n                                                                                    <\/ul>\n                                    <\/div>\n                                <\/div>\n                            <\/div>\n                                                    <div class=\"col-lg-6 col-xl-4\">\n                                <div class=\"our-team__item\">\n                                    <div class=\"media\">\n                                        <img decoding=\"async\" src=\"https:\/\/cruv.themewolfs.com\/wp-content\/uploads\/2025\/11\/member-2.jpg\" alt=\"image\">\n                                    <\/div>\n                                    <div class=\"content\">\n                                        <p>Creative Brand Strategist<\/p>\n                                        <h5 class=\"title\">\n                                           Liam <br>Carter                                        <\/h5>\n                                        <ul class=\"socail\">\n                                                                                            <li><a href=\"#\">Facebook<\/a><\/li>\n                                                                                                                                        <li><a href=\"#\">Linkedin<\/a><\/li>\n                                                                                                                                        <li><a href=\"#\">Instagram<\/a><\/li>\n                                                                                                                                        <li><a href=\"#\">Dribbble<\/a><\/li>\n                                                                                    <\/ul>\n                                    <\/div>\n                                <\/div>\n                            <\/div>\n                                                    <div class=\"col-lg-6 col-xl-4\">\n                                <div class=\"our-team__item\">\n                                    <div class=\"media\">\n                                        <img decoding=\"async\" src=\"https:\/\/cruv.themewolfs.com\/wp-content\/uploads\/2025\/11\/member-4.jpg\" alt=\"image\">\n                                    <\/div>\n                                    <div class=\"content\">\n                                        <p>Lead UI Specialist<\/p>\n                                        <h5 class=\"title\">\n                                           Noah<br>Bennett                                        <\/h5>\n                                        <ul class=\"socail\">\n                                                                                            <li><a href=\"#\">Facebook<\/a><\/li>\n                                                                                                                                        <li><a href=\"#\">Linkedin<\/a><\/li>\n                                                                                                                                        <li><a href=\"#\">Instagram<\/a><\/li>\n                                                                                                                                        <li><a href=\"#\">Dribbble<\/a><\/li>\n                                                                                    <\/ul>\n                                    <\/div>\n                                <\/div>\n                            <\/div>\n                                                    <div class=\"col-lg-6 col-xl-4\">\n                                <div class=\"our-team__item\">\n                                    <div class=\"media\">\n                                        <img decoding=\"async\" src=\"https:\/\/cruv.themewolfs.com\/wp-content\/uploads\/2025\/11\/member-5.jpg\" alt=\"image\">\n                                    <\/div>\n                                    <div class=\"content\">\n                                        <p>Art Direction Lead<\/p>\n                                        <h5 class=\"title\">\n                                           Chloe<br>Turner                                        <\/h5>\n                                        <ul class=\"socail\">\n                                                                                            <li><a href=\"#\">Facebook<\/a><\/li>\n                                                                                                                                        <li><a href=\"#\">Linkedin<\/a><\/li>\n                                                                                                                                        <li><a href=\"#\">Instagram<\/a><\/li>\n                                                                                                                                        <li><a href=\"#\">Dribbble<\/a><\/li>\n                                                                                    <\/ul>\n                                    <\/div>\n                                <\/div>\n                            <\/div>\n                                                    <div class=\"col-lg-6 col-xl-4\">\n                                <div class=\"our-team__item\">\n                                    <div class=\"media\">\n                                        <img decoding=\"async\" src=\"https:\/\/cruv.themewolfs.com\/wp-content\/uploads\/2025\/11\/member-1.jpg\" alt=\"image\">\n                                    <\/div>\n                                    <div class=\"content\">\n                                        <p>Digital Product Artist<\/p>\n                                        <h5 class=\"title\">\n                                           Mason<br>Rivera                                        <\/h5>\n                                        <ul class=\"socail\">\n                                                                                            <li><a href=\"#\">Facebook<\/a><\/li>\n                                                                                                                                        <li><a href=\"#\">Linkedin<\/a><\/li>\n                                                                                                                                        <li><a href=\"#\">Instagram<\/a><\/li>\n                                                                                                                                        <li><a href=\"#\">Dribbble<\/a><\/li>\n                                                                                    <\/ul>\n                                    <\/div>\n                                <\/div>\n                            <\/div>\n                                            <\/div>\n                <\/div>\n            <\/section>\n        \t\t\t\t<\/div>\n\t\t\t\t<\/div>\n\t\t\t\t<\/div>\n\t\t<div class=\"elementor-element elementor-element-0bdd6da e-con-full e-flex e-con e-parent\" data-id=\"0bdd6da\" data-element_type=\"container\" data-e-type=\"container\">\n\t\t\t\t<div class=\"elementor-element elementor-element-f63db70 elementor-widget elementor-widget-cruv-team-satisfaction-widget\" data-id=\"f63db70\" data-element_type=\"widget\" data-e-type=\"widget\" data-widget_type=\"cruv-team-satisfaction-widget.default\">\n\t\t\t\t<div class=\"elementor-widget-container\">\n\t\t\t\t\t\n            <section class=\"client-satisfaction section-space-bottom\">\n                <div class=\"container\">\n                    <div class=\"client-satisfaction__inner\">\n\n                        <!-- Left Side -->\n                        <div class=\"client-satisfaction__item\">\n                            <div class=\"content\">\n                                                                    <p>Duis aute irure dolor in reprehenderit in voluptate velit esse pariatur. excepteur sint occaecat cupidatat non proidente, sunt in culpa qui officia<\/p>\n                                \n                                                                    <div class=\"btn-wrap\">\n                                        <a href=\"https:\/\/cruv.themewolfs.com\/about\/\" class=\"btn-primary btn-black-2\" >\n                                            Discover More                                        <\/a>\n                                    <\/div>\n                                                            <\/div>\n                        <\/div>\n\n                        <!-- Middle Side -->\n                        <div class=\"client-satisfaction__item\">\n                            <div class=\"content\">\n                                                                    <h5 class=\"sub-title\">Olvide esperar semanas por un dise\u00f1o. Nuestros flujos de trabajo est\u00e1n optimizados para entregar activos de campa\u00f1a en tiempo r\u00e9cord.<\/h5>\n                                                                <h4><span class=\"odometer\" data-count=\"250\">0<\/span>+<\/h4>\n                            <\/div>\n                            <div class=\"media\">\n                                                                    <img decoding=\"async\" src=\"https:\/\/cruv.themewolfs.com\/wp-content\/uploads\/2025\/11\/client.jpg\" alt=\"Image\">\n                                                            <\/div>\n                        <\/div>\n\n                        <!-- Right Side -->\n                        <div class=\"client-satisfaction__item\">\n                            <div class=\"content\">\n                                                                    <h5 class=\"sub-title\">Client Satisfaction Rate<\/h5>\n                                                                <h4><span class=\"odometer\" data-count=\"99\">0<\/span>%<\/h4>\n                            <\/div>\n                            <div class=\"content-bottom\">\n                                                                    <h5 class=\"sub-title\">Award-Winning Campaigns<\/h5>\n                                                                <h4><span class=\"odometer\" data-count=\"50\">0<\/span><\/h4>\n                            <\/div>\n                        <\/div>\n\n                    <\/div>\n                <\/div>\n            <\/section>\n\n        \t\t\t\t<\/div>\n\t\t\t\t<\/div>\n\t\t\t\t<\/div>\n\t\t\t\t<\/div>","protected":false},"excerpt":{"rendered":"<p>Our Team Members Working Worldwide Our talented team of experts is dedicated to delivering the best results with skill, creativity, and professionalism. View All Members Design Director &amp; CEO Adrian Miles Facebook Linkedin Instagram Dribbble Senior Visual Designer Ataul Mostofa Facebook Linkedin Instagram Dribbble Creative Brand Strategist Liam Carter Facebook Linkedin Instagram Dribbble Lead UI<\/p>","protected":false},"author":11,"featured_media":0,"parent":0,"menu_order":0,"comment_status":"closed","ping_status":"closed","template":"elementor_header_footer","meta":{"_crdt_document":"","om_disable_all_campaigns":false,"inline_featured_image":false,"_monsterinsights_skip_tracking":false,"_monsterinsights_sitenote_active":false,"_monsterinsights_sitenote_note":"","_monsterinsights_sitenote_category":0,"_uf_show_specific_survey":0,"_uf_disable_surveys":false,"footnotes":""},"class_list":["post-25","page","type-page","status-publish","hentry"],"_links":{"self":[{"href":"https:\/\/socialfox.es\/en\/wp-json\/wp\/v2\/pages\/25","targetHints":{"allow":["GET"]}}],"collection":[{"href":"https:\/\/socialfox.es\/en\/wp-json\/wp\/v2\/pages"}],"about":[{"href":"https:\/\/socialfox.es\/en\/wp-json\/wp\/v2\/types\/page"}],"author":[{"embeddable":true,"href":"https:\/\/socialfox.es\/en\/wp-json\/wp\/v2\/users\/11"}],"replies":[{"embeddable":true,"href":"https:\/\/socialfox.es\/en\/wp-json\/wp\/v2\/comments?post=25"}],"version-history":[{"count":4,"href":"https:\/\/socialfox.es\/en\/wp-json\/wp\/v2\/pages\/25\/revisions"}],"predecessor-version":[{"id":7566,"href":"https:\/\/socialfox.es\/en\/wp-json\/wp\/v2\/pages\/25\/revisions\/7566"}],"wp:attachment":[{"href":"https:\/\/socialfox.es\/en\/wp-json\/wp\/v2\/media?parent=25"}],"curies":[{"name":"wp","href":"https:\/\/api.w.org\/{rel}","templated":true}]}}