{"id":26,"date":"2025-10-03T18:41:33","date_gmt":"2025-10-03T18:41:33","guid":{"rendered":"http:\/\/cruvwidget.local\/?page_id=26"},"modified":"2026-02-14T10:48:31","modified_gmt":"2026-02-14T09:48:31","slug":"services","status":"publish","type":"page","link":"https:\/\/socialfox.es\/en\/services\/","title":{"rendered":"Services"},"content":{"rendered":"<div data-elementor-type=\"wp-page\" data-elementor-id=\"26\" class=\"elementor elementor-26\" data-elementor-post-type=\"page\">\n\t\t\t\t<div class=\"elementor-element elementor-element-010d9a5 e-con-full e-flex e-con e-parent\" data-id=\"010d9a5\" data-element_type=\"container\" data-e-type=\"container\">\n\t\t\t\t<div class=\"elementor-element elementor-element-a1789bd elementor-widget elementor-widget-cruv-digital-studio-service-widget\" data-id=\"a1789bd\" data-element_type=\"widget\" data-e-type=\"widget\" data-widget_type=\"cruv-digital-studio-service-widget.default\">\n\t\t\t\t<div class=\"elementor-widget-container\">\n\t\t\t\t\t\n            <section class=\"our-services theme-bg-light section-space\">\n                <div class=\"container\">\n                    <div class=\"section-2-title-wrapper wow fade-in-bottom\" data-wow-delay=\"600ms\">\n                        <div class=\"section-2__top\">\n                                                            <h6 class=\"left-sub-title\">Digital Advertising<\/h6>\n                            \n                                                            <h6 class=\"right-sub-title\">Strategy + Data + Creativity<\/h6>\n                                                    <\/div>\n                        <div class=\"section-2__bottom\">\n                                                            <h3 class=\"title\">Social Fox Consulting is a strategic firm specialized in digital investment architecture and performance-driven creative production.<br \/>\n<br \/>\nWe design the full growth architecture: strategy, advanced measurement, paid media optimization, and digital assets built to scale. <br \/>\n<br \/>\nWe work with brands already investing in digital that want to transform their investment into a profitable, measurable, and sustainable long-term growth system.<br \/>\n<br \/>\n<\/h3>\n                            \n                                                    <\/div>\n                    <\/div>\n                                            <div class=\"our-services__wrapper section-space-top\">\n                                                            <div class=\"our-services__item wow fade-in-bottom\" data-wow-delay=\"600ms\">\n                                    <div class=\"title-wrapper\">\n                                        <h3 class=\"title rr-title-anim\">\n                                            <a href=\"https:\/\/socialfox.es\/en\/all-service\/optimizacion-estrategica-de-ads\/\">Strategic Ad Optimization<\/a>\n                                            <span>\/ 01<\/span>\n                                        <\/h3>\n                                    <\/div>\n\n                                    <div class=\"our-services__media digital-media-two\">\n                                                                                    <img decoding=\"async\" src=\"https:\/\/socialfox.es\/wp-content\/uploads\/2025\/11\/Servicios-Profesionales-Consultoria-_-2026.webp\" alt=\"Optimizaci\u00f3n Estrat\u00e9gica de Ads\">\n                                        \n                                        <div class=\"content\">\n                                                                                            <p>Continuous optimization of Meta Ads, Google Ads, and CTV campaigns to reduce costs, improve ROAS, and scale investment with strategic control and data-driven decisions.<\/p>\n                                            \n                                                                                    <\/div>\n                                    <\/div>\n                                <\/div>\n                                                            <div class=\"our-services__item wow fade-in-bottom\" data-wow-delay=\"600ms\">\n                                    <div class=\"title-wrapper\">\n                                        <h3 class=\"title rr-title-anim\">\n                                            <a href=\"https:\/\/socialfox.es\/en\/all-service\/implementacion-de-tracking-y-medicion\/\">Tracking &amp; Measurement Implementation<\/a>\n                                            <span>\/ 02<\/span>\n                                        <\/h3>\n                                    <\/div>\n\n                                    <div class=\"our-services__media digital-media-two\">\n                                                                                    <img decoding=\"async\" src=\"https:\/\/socialfox.es\/wp-content\/uploads\/2025\/11\/Construccion-Industria-Equipamiento.webp\" alt=\"Implementaci\u00f3n de Tracking y Medici\u00f3n\">\n                                        \n                                        <div class=\"content\">\n                                                                                            <p>We set up the technical foundation that enables accurate conversion tracking and campaign optimization based on real data.<\/p>\n                                            \n                                                                                    <\/div>\n                                    <\/div>\n                                <\/div>\n                                                            <div class=\"our-services__item wow fade-in-bottom\" data-wow-delay=\"600ms\">\n                                    <div class=\"title-wrapper\">\n                                        <h3 class=\"title rr-title-anim\">\n                                            <a href=\"https:\/\/socialfox.es\/en\/all-service\/diagnostico-de-ads\/\">Strategic Ads Diagnostic<\/a>\n                                            <span>\/ 03<\/span>\n                                        <\/h3>\n                                    <\/div>\n\n                                    <div class=\"our-services__media digital-media-two\">\n                                                                                    <img decoding=\"async\" src=\"https:\/\/socialfox.es\/wp-content\/uploads\/2025\/11\/Web-SEO-Growth.webp\" alt=\"Diagn\u00f3stico de Ads\">\n                                        \n                                        <div class=\"content\">\n                                                                                            <p>We conduct a deep audit of your Meta and Google Ads campaigns to uncover errors, optimization opportunities, and critical bottlenecks that directly impact performance.<\/p>\n                                            \n                                                                                    <\/div>\n                                    <\/div>\n                                <\/div>\n                                                            <div class=\"our-services__item wow fade-in-bottom\" data-wow-delay=\"600ms\">\n                                    <div class=\"title-wrapper\">\n                                        <h3 class=\"title rr-title-anim\">\n                                            <a href=\"https:\/\/socialfox.es\/en\/all-service\/digital-makers\/\">Web Development &amp; Digital Infrastructure<\/a>\n                                            <span>\/ 04<\/span>\n                                        <\/h3>\n                                    <\/div>\n\n                                    <div class=\"our-services__media digital-media-two\">\n                                                                                    <img decoding=\"async\" src=\"https:\/\/socialfox.es\/wp-content\/uploads\/2025\/11\/Web-SEO-Growth.webp\" alt=\"Desarrollo Web &#038; Infraestructura Digital\">\n                                        \n                                        <div class=\"content\">\n                                                                                            <p>Your website is your headquarters and your best salesperson 24\/7. We don\u2019t design digital brochures; we build fast, persuasive digital infrastructures designed to convert visits into revenue.<\/p>\n                                            \n                                                                                            <ul class=\"tags\">\n                                                                                                            <li>B2B Creative<\/li>\n                                                                                                            <li>CONVERSION RATE<\/li>\n                                                                                                            <li>DESIGN WORDPRESS<\/li>\n                                                                                                            <li>LANDING PAGES<\/li>\n                                                                                                            <li>UX\/UI<\/li>\n                                                                                                    <\/ul>\n                                                                                    <\/div>\n                                    <\/div>\n                                <\/div>\n                                                    <\/div>\n                                    <\/div>\n            <\/section>\n\n\t\t\t\t\t\t<\/div>\n\t\t\t\t<\/div>\n\t\t<div class=\"elementor-element elementor-element-2d56c9e e-con-full e-flex e-con e-child\" data-id=\"2d56c9e\" data-element_type=\"container\" data-e-type=\"container\">\n\t\t\t\t<div class=\"elementor-element elementor-element-54188b4 elementor-widget elementor-widget-cruv-get-in-touch-one-widget\" data-id=\"54188b4\" data-element_type=\"widget\" data-e-type=\"widget\" data-widget_type=\"cruv-get-in-touch-one-widget.default\">\n\t\t\t\t<div class=\"elementor-widget-container\">\n\t\t\t\t\t           \r\n            <div class=\"get-in-touch\">\r\n                <div class=\"get-in-touch__bg\">\r\n                                            <img decoding=\"async\" src=\"https:\/\/socialfox.es\/wp-content\/uploads\/2025\/11\/Marketing-sanitario.webp\" alt=\"Get in touch background\" \/>\r\n                                        <div class=\"container\">\r\n                        <div class=\"get-in-touch__content\">\r\n                                                        <div class=\"get-in-touch__left\">\r\n                                <p>Data-driven digital advertising with creativity focused on profitability.<\/p>\r\n                            <\/div>\r\n                                                                                    <div class=\"get-in-touch__btn\">\r\n                                <a href=\"https:\/\/api.whatsapp.com\/send\/?phone=34634687200&#038;text&#038;type=phone_number&#038;app_absent=0\" class=\"btn-wrapper\">\r\n                                    <span class=\"btn-text\">\ud83e\udd8a Speak with a Specialist<\/span>\r\n                                    <span class=\"btn-circle\"><i class=\"fa-solid fa-arrow-right\"><\/i><\/span>\r\n                                <\/a>\r\n                            <\/div>\r\n                                                                                <\/div>\r\n                    <\/div>\r\n                <\/div>\r\n            <\/div>\r\n\r\n\r\n        \t\t\t\t<\/div>\n\t\t\t\t<\/div>\n\t\t<div class=\"elementor-element elementor-element-1f7eb88 e-con-full e-flex e-con e-child\" data-id=\"1f7eb88\" data-element_type=\"container\" data-e-type=\"container\">\n\t\t\t\t<\/div>\n\t\t\t\t<\/div>\n\t\t\t\t<\/div>\n\t\t\t\t<\/div>","protected":false},"excerpt":{"rendered":"<p>Publicidad Digital Estrategia + Datos + Creatividad Social Fox Consulting es una firma estrat\u00e9gica especializada en arquitectura de inversi\u00f3n digital y producci\u00f3n creativa orientada a rendimiento. Dise\u00f1amos la estructura completa del crecimiento: estrategia, medici\u00f3n avanzada, optimizaci\u00f3n de Paid Media y activos digitales preparados para escalar. Trabajamos con marcas que ya invierten en digital y buscan<\/p>","protected":false},"author":11,"featured_media":0,"parent":0,"menu_order":0,"comment_status":"closed","ping_status":"closed","template":"elementor_header_footer","meta":{"_acf_changed":false,"_crdt_document":"","om_disable_all_campaigns":false,"inline_featured_image":false,"_monsterinsights_skip_tracking":false,"_monsterinsights_sitenote_active":false,"_monsterinsights_sitenote_note":"","_monsterinsights_sitenote_category":0,"_uf_show_specific_survey":0,"_uf_disable_surveys":false,"footnotes":""},"class_list":["post-26","page","type-page","status-publish","hentry"],"acf":{"full_width":false,"header_transparent":false,"header_white":false},"aioseo_notices":[],"_links":{"self":[{"href":"https:\/\/socialfox.es\/en\/wp-json\/wp\/v2\/pages\/26","targetHints":{"allow":["GET"]}}],"collection":[{"href":"https:\/\/socialfox.es\/en\/wp-json\/wp\/v2\/pages"}],"about":[{"href":"https:\/\/socialfox.es\/en\/wp-json\/wp\/v2\/types\/page"}],"author":[{"embeddable":true,"href":"https:\/\/socialfox.es\/en\/wp-json\/wp\/v2\/users\/11"}],"replies":[{"embeddable":true,"href":"https:\/\/socialfox.es\/en\/wp-json\/wp\/v2\/comments?post=26"}],"version-history":[{"count":38,"href":"https:\/\/socialfox.es\/en\/wp-json\/wp\/v2\/pages\/26\/revisions"}],"predecessor-version":[{"id":8664,"href":"https:\/\/socialfox.es\/en\/wp-json\/wp\/v2\/pages\/26\/revisions\/8664"}],"wp:attachment":[{"href":"https:\/\/socialfox.es\/en\/wp-json\/wp\/v2\/media?parent=26"}],"curies":[{"name":"wp","href":"https:\/\/api.w.org\/{rel}","templated":true}]}}