{"id":8256,"date":"2026-01-29T02:35:06","date_gmt":"2026-01-29T01:35:06","guid":{"rendered":"https:\/\/socialfox.es\/?page_id=8256"},"modified":"2026-01-29T02:44:59","modified_gmt":"2026-01-29T01:44:59","slug":"terminos-y-condiciones-para-cursos-y-talleres","status":"publish","type":"page","link":"https:\/\/socialfox.es\/en\/terminos-y-condiciones-para-cursos-y-talleres\/","title":{"rendered":"Terms and Conditions for Courses and Workshops"},"content":{"rendered":"<div data-elementor-type=\"wp-page\" data-elementor-id=\"8256\" class=\"elementor elementor-8256\" data-elementor-post-type=\"page\">\n\t\t\t\t<div class=\"elementor-element elementor-element-7b58691 e-flex e-con-boxed e-con e-parent\" data-id=\"7b58691\" data-element_type=\"container\" data-e-type=\"container\">\n\t\t\t\t\t<div class=\"e-con-inner\">\n\t\t\t\t<div class=\"elementor-element elementor-element-acf523a elementor-widget elementor-widget-heading\" data-id=\"acf523a\" data-element_type=\"widget\" data-e-type=\"widget\" data-widget_type=\"heading.default\">\n\t\t\t\t\t<h1 class=\"elementor-heading-title elementor-size-default\"><br>Terms and Conditions for Courses and Workshops<\/h1>\t\t\t\t<\/div>\n\t\t\t\t<div class=\"elementor-element elementor-element-d1b495b elementor-widget elementor-widget-text-editor\" data-id=\"d1b495b\" data-element_type=\"widget\" data-e-type=\"widget\" data-widget_type=\"text-editor.default\">\n\t\t\t\t\t\t\t\t\t<h5>\u00a0<\/h5>\n<h5>\u00a0<\/h5>\n<h5><strong>Aceptaci\u00f3n de los T\u00e9rminos<\/strong><\/h5>\n<p><span style=\"font-weight: 400;\">Al inscribirse en cualquiera de nuestros cursos o talleres, el usuario acepta estos t\u00e9rminos y condiciones, que forman un acuerdo legalmente vinculante entre el usuario y socialfox.es.<\/span><\/p>\n<p>\u00a0<\/p>\n<h5><strong>Descripci\u00f3n del Servicio<\/strong><\/h5>\n<p><span style=\"font-weight: 400;\">Ofrecemos cursos y talleres sobre gesti\u00f3n de redes sociales, detallados en nuestra p\u00e1gina web. Cada curso puede incluir distintos materiales como videos, documentos, y asistencia directa.<\/span><\/p>\n<p>\u00a0<\/p>\n<h5><strong>Pago<\/strong><\/h5>\n<p><span style=\"font-weight: 400;\">El pago es requerido al momento de la inscripci\u00f3n. Los detalles de precios para cada curso o taller est\u00e1n especificados en la p\u00e1gina correspondiente.<\/span><\/p>\n<p>\u00a0<\/p>\n<h5><strong>Propiedad Intelectual<\/strong><\/h5>\n<p><span style=\"font-weight: 400;\">Todo el contenido proporcionado en los cursos y talleres es propiedad de socialfox.es o de sus licenciantes y est\u00e1 protegido por las leyes de derechos de autor. Los usuarios pueden utilizar este material solo para uso personal y no comercial.<\/span><\/p>\n<p>\u00a0<\/p>\n<h5><strong>Prohibiciones<\/strong><\/h5>\n<p><span style=\"font-weight: 400;\">Los usuarios no deben redistribuir, reproducir, vender, alquilar o modificar ninguno de los materiales del curso sin el consentimiento expl\u00edcito de socialfox.es.<\/span><\/p>\n<p>\u00a0<\/p>\n<h5><strong>Limitaci\u00f3n de Responsabilidad<\/strong><\/h5>\n<p><span style=\"font-weight: 400;\">socialfox.es no ser\u00e1 responsable por cualquier p\u00e9rdida o da\u00f1o que surja del acceso o uso de nuestros cursos y talleres, incluyendo pero no limitado a fallos t\u00e9cnicos o accesibilidad del sitio.<\/span><\/p>\n<p>\u00a0<\/p>\n<h5><strong>Modificaciones a los T\u00e9rminos<\/strong><\/h5>\n<p><span style=\"font-weight: 400;\">Nos reservamos el derecho de modificar estos t\u00e9rminos y condiciones en cualquier momento. Los cambios ser\u00e1n efectivos inmediatamente despu\u00e9s de su publicaci\u00f3n en el sitio web.<\/span><\/p>\t\t\t\t\t\t\t\t<\/div>\n\t\t\t\t\t<\/div>\n\t\t\t\t<\/div>\n\t\t\t\t<\/div>","protected":false},"excerpt":{"rendered":"<p>T\u00e9rminos y Condiciones para Cursos y Talleres \u00a0 \u00a0 Aceptaci\u00f3n de los T\u00e9rminos Al inscribirse en cualquiera de nuestros cursos o talleres, el usuario acepta estos t\u00e9rminos y condiciones, que forman un acuerdo legalmente vinculante entre el usuario y socialfox.es. \u00a0 Descripci\u00f3n del Servicio Ofrecemos cursos y talleres sobre gesti\u00f3n de redes sociales, detallados en<\/p>","protected":false},"author":11,"featured_media":0,"parent":0,"menu_order":0,"comment_status":"closed","ping_status":"closed","template":"","meta":{"_acf_changed":false,"_crdt_document":"","om_disable_all_campaigns":false,"inline_featured_image":false,"_monsterinsights_skip_tracking":false,"_monsterinsights_sitenote_active":false,"_monsterinsights_sitenote_note":"","_monsterinsights_sitenote_category":0,"_uf_show_specific_survey":0,"_uf_disable_surveys":false,"footnotes":""},"class_list":["post-8256","page","type-page","status-publish","hentry"],"acf":{"full_width":false,"header_transparent":false,"header_white":false},"aioseo_notices":[],"_links":{"self":[{"href":"https:\/\/socialfox.es\/en\/wp-json\/wp\/v2\/pages\/8256","targetHints":{"allow":["GET"]}}],"collection":[{"href":"https:\/\/socialfox.es\/en\/wp-json\/wp\/v2\/pages"}],"about":[{"href":"https:\/\/socialfox.es\/en\/wp-json\/wp\/v2\/types\/page"}],"author":[{"embeddable":true,"href":"https:\/\/socialfox.es\/en\/wp-json\/wp\/v2\/users\/11"}],"replies":[{"embeddable":true,"href":"https:\/\/socialfox.es\/en\/wp-json\/wp\/v2\/comments?post=8256"}],"version-history":[{"count":14,"href":"https:\/\/socialfox.es\/en\/wp-json\/wp\/v2\/pages\/8256\/revisions"}],"predecessor-version":[{"id":8289,"href":"https:\/\/socialfox.es\/en\/wp-json\/wp\/v2\/pages\/8256\/revisions\/8289"}],"wp:attachment":[{"href":"https:\/\/socialfox.es\/en\/wp-json\/wp\/v2\/media?parent=8256"}],"curies":[{"name":"wp","href":"https:\/\/api.w.org\/{rel}","templated":true}]}}