{"id":8257,"date":"2026-01-29T02:50:25","date_gmt":"2026-01-29T01:50:25","guid":{"rendered":"https:\/\/socialfox.es\/?page_id=8257"},"modified":"2026-01-29T02:53:47","modified_gmt":"2026-01-29T01:53:47","slug":"politica-de-devoluciones-y-cancelaciones","status":"publish","type":"page","link":"https:\/\/socialfox.es\/en\/politica-de-devoluciones-y-cancelaciones\/","title":{"rendered":"Returns and Cancellations Policy"},"content":{"rendered":"<div data-elementor-type=\"wp-page\" data-elementor-id=\"8257\" class=\"elementor elementor-8257\" data-elementor-post-type=\"page\">\n\t\t\t\t<div class=\"elementor-element elementor-element-1a80d2fd e-flex e-con-boxed e-con e-parent\" data-id=\"1a80d2fd\" data-element_type=\"container\" data-e-type=\"container\">\n\t\t\t\t\t<div class=\"e-con-inner\">\n\t\t\t\t<div class=\"elementor-element elementor-element-b3c2653 elementor-widget elementor-widget-heading\" data-id=\"b3c2653\" data-element_type=\"widget\" data-e-type=\"widget\" data-widget_type=\"heading.default\">\n\t\t\t\t\t<h1 class=\"elementor-heading-title elementor-size-default\"><br>Returns and Cancellations Policy<\/h1>\t\t\t\t<\/div>\n\t\t\t\t<div class=\"elementor-element elementor-element-450854c5 elementor-widget elementor-widget-text-editor\" data-id=\"450854c5\" data-element_type=\"widget\" data-e-type=\"widget\" data-widget_type=\"text-editor.default\">\n\t\t\t\t\t\t\t\t\t\n<h5 class=\"wp-block-heading\">\u00a0<\/h5>\n<h5>\u00a0<\/h5>\n<h5><strong>Cancelaciones por Parte del Usuario<\/strong><\/h5>\n<p><span style=\"font-weight: 400;\">Los usuarios pueden cancelar su inscripci\u00f3n y recibir un reembolso completo si la cancelaci\u00f3n se realiza dentro de los 7 d\u00edas posteriores a la inscripci\u00f3n, siempre y cuando la cancelaci\u00f3n ocurra al menos 24 horas antes del inicio del curso o taller.<\/span><\/p>\n<p>\u00a0<\/p>\n<h5><strong>Cancelaciones por Parte de socialfox.es<\/strong><\/h5>\n<p><span style=\"font-weight: 400;\">Nos reservamos el derecho de cancelar cualquier curso o taller por cualquier motivo. En tal caso, se notificar\u00e1 a los usuarios inscritos y se les ofrecer\u00e1 un reembolso completo o la oportunidad de inscribirse en una fecha alternativa, a elecci\u00f3n del usuario.<\/span><\/p>\n<p>\u00a0<\/p>\n<h5><strong>No Asistencia<\/strong><\/h5>\n<p><span style=\"font-weight: 400;\">La falta de asistencia a un curso o taller sin previo aviso de cancelaci\u00f3n no dar\u00e1 derecho a reembolsos o cr\u00e9ditos.<\/span><\/p>\n<p>\u00a0<\/p>\n<h5><strong>Reembolsos<\/strong><\/h5>\n<p><span style=\"font-weight: 400;\">Los reembolsos se procesar\u00e1n dentro de los 30 d\u00edas h\u00e1biles posteriores a la aprobaci\u00f3n de la solicitud de reembolso.<\/span><\/p>\n<p>\u00a0<\/p>\n<h5><strong>Excepciones<\/strong><\/h5>\n<p><span style=\"font-weight: 400;\">Cualquier excepci\u00f3n a esta pol\u00edtica de cancelaci\u00f3n y reembolso ser\u00e1 a discreci\u00f3n de socialfox.es y deber\u00e1 ser comunicada y documentada adecuadamente.<\/span><\/p>\n\t\t\t\t\t\t\t\t<\/div>\n\t\t\t\t\t<\/div>\n\t\t\t\t<\/div>\n\t\t\t\t<\/div>","protected":false},"excerpt":{"rendered":"<p>Pol\u00edtica de Devoluciones y Cancelaciones \u00a0 \u00a0 Cancelaciones por Parte del Usuario Los usuarios pueden cancelar su inscripci\u00f3n y recibir un reembolso completo si la cancelaci\u00f3n se realiza dentro de los 7 d\u00edas posteriores a la inscripci\u00f3n, siempre y cuando la cancelaci\u00f3n ocurra al menos 24 horas antes del inicio del curso o taller. \u00a0<\/p>","protected":false},"author":11,"featured_media":0,"parent":0,"menu_order":0,"comment_status":"closed","ping_status":"closed","template":"","meta":{"_acf_changed":false,"_crdt_document":"","om_disable_all_campaigns":false,"inline_featured_image":false,"_monsterinsights_skip_tracking":false,"_monsterinsights_sitenote_active":false,"_monsterinsights_sitenote_note":"","_monsterinsights_sitenote_category":0,"_uf_show_specific_survey":0,"_uf_disable_surveys":false,"footnotes":""},"class_list":["post-8257","page","type-page","status-publish","hentry"],"acf":{"full_width":false,"header_transparent":false,"header_white":false},"aioseo_notices":[],"_links":{"self":[{"href":"https:\/\/socialfox.es\/en\/wp-json\/wp\/v2\/pages\/8257","targetHints":{"allow":["GET"]}}],"collection":[{"href":"https:\/\/socialfox.es\/en\/wp-json\/wp\/v2\/pages"}],"about":[{"href":"https:\/\/socialfox.es\/en\/wp-json\/wp\/v2\/types\/page"}],"author":[{"embeddable":true,"href":"https:\/\/socialfox.es\/en\/wp-json\/wp\/v2\/users\/11"}],"replies":[{"embeddable":true,"href":"https:\/\/socialfox.es\/en\/wp-json\/wp\/v2\/comments?post=8257"}],"version-history":[{"count":10,"href":"https:\/\/socialfox.es\/en\/wp-json\/wp\/v2\/pages\/8257\/revisions"}],"predecessor-version":[{"id":8314,"href":"https:\/\/socialfox.es\/en\/wp-json\/wp\/v2\/pages\/8257\/revisions\/8314"}],"wp:attachment":[{"href":"https:\/\/socialfox.es\/en\/wp-json\/wp\/v2\/media?parent=8257"}],"curies":[{"name":"wp","href":"https:\/\/api.w.org\/{rel}","templated":true}]}}